{"id":1496,"date":"2023-05-08T12:03:37","date_gmt":"2023-05-08T12:03:37","guid":{"rendered":"https:\/\/market.us.bunyaminayvaz.com.tr\/?post_type=product&#038;p=1496"},"modified":"2023-05-08T15:30:51","modified_gmt":"2023-05-08T15:30:51","slug":"sera_naylonu","status":"publish","type":"product","link":"https:\/\/uzmansera.com\/market\/urun\/sera_naylonu\/","title":{"rendered":"Sera Naylonu"},"content":{"rendered":"<p>[et_pb_section fb_built=&#8221;1&#8243; _builder_version=&#8221;4.4.5&#8243; background_enable_color=&#8221;off&#8221; use_background_color_gradient=&#8221;on&#8221; background_color_gradient_start=&#8221;rgba(0,157,255,0.42)&#8221; background_color_gradient_end=&#8221;rgba(0,196,147,0.29)&#8221; width=&#8221;100%&#8221; width_tablet=&#8221;100%&#8221; width_phone=&#8221;100%&#8221; width_last_edited=&#8221;on|phone&#8221; module_alignment=&#8221;center&#8221; custom_padding=&#8221;0px||||false|false&#8221; top_divider_style=&#8221;curve2&#8243; top_divider_color=&#8221;#000c44&#8243; top_divider_height=&#8221;284px&#8221; top_divider_repeat=&#8221;1x&#8221; top_divider_style_tablet=&#8221;&#8221; top_divider_style_phone=&#8221;asymmetric3&#8243; top_divider_style_last_edited=&#8221;on|phone&#8221; bottom_divider_style=&#8221;curve2&#8243; bottom_divider_color=&#8221;#ffffff&#8221;][et_pb_row _builder_version=&#8221;4.4.5&#8243; background_size=&#8221;initial&#8221; background_position=&#8221;top_left&#8221; background_repeat=&#8221;repeat&#8221; width=&#8221;100%&#8221; custom_padding=&#8221;14px||0px|20px|false|false&#8221;][et_pb_column type=&#8221;4_4&#8243; _builder_version=&#8221;3.25&#8243; custom_padding=&#8221;|||&#8221; custom_padding__hover=&#8221;|||&#8221;][et_pb_wc_breadcrumb _builder_version=&#8221;4.4.5&#8243; body_text_color=&#8221;#ffffff&#8221; body_font_size=&#8221;17px&#8221;][\/et_pb_wc_breadcrumb][\/et_pb_column][\/et_pb_row][et_pb_row column_structure=&#8221;1_2,1_2&#8243; _builder_version=&#8221;4.4.5&#8243; background_enable_color=&#8221;off&#8221; background_size=&#8221;initial&#8221; background_position=&#8221;top_left&#8221; background_repeat=&#8221;repeat&#8221; width=&#8221;100%&#8221; custom_padding=&#8221;0px||||false|false&#8221;][et_pb_column type=&#8221;1_2&#8243; _builder_version=&#8221;3.25&#8243; custom_padding=&#8221;|||&#8221; custom_padding__hover=&#8221;|||&#8221;][et_pb_wc_images _builder_version=&#8221;4.4.5&#8243; custom_margin=&#8221;10px|10px|0px|10px|false|true&#8221;][\/et_pb_wc_images][\/et_pb_column][et_pb_column type=&#8221;1_2&#8243; _builder_version=&#8221;3.25&#8243; custom_padding=&#8221;|||&#8221; custom_padding__hover=&#8221;|||&#8221;][et_pb_wc_title _builder_version=&#8221;4.4.5&#8243; header_text_color=&#8221;#ffffff&#8221; custom_margin_tablet=&#8221;&#8221; custom_margin_phone=&#8221;&#8221; custom_margin_last_edited=&#8221;on|phone&#8221; custom_padding=&#8221;10px|||10px|false|false&#8221; header_text_color_tablet=&#8221;&#8221; header_text_color_phone=&#8221;#0c71c3&#8243; header_text_color_last_edited=&#8221;on|phone&#8221;][\/et_pb_wc_title][et_pb_wc_rating _builder_version=&#8221;3.0.47&#8243;][\/et_pb_wc_rating][et_pb_wc_price _builder_version=&#8221;3.0.47&#8243;][\/et_pb_wc_price][et_pb_wc_description _builder_version=&#8221;3.0.47&#8243;][\/et_pb_wc_description][et_pb_wc_add_to_cart _builder_version=&#8221;3.0.47&#8243;][\/et_pb_wc_add_to_cart][et_pb_wc_meta _builder_version=&#8221;4.4.5&#8243; body_text_color=&#8221;#ffffff&#8221; custom_padding=&#8221;|||10px|false|false&#8221; body_text_color_tablet=&#8221;&#8221; body_text_color_phone=&#8221;#0c71c3&#8243; body_text_color_last_edited=&#8221;on|phone&#8221;][\/et_pb_wc_meta][\/et_pb_column][\/et_pb_row][et_pb_row _builder_version=&#8221;3.25&#8243; background_size=&#8221;initial&#8221; background_position=&#8221;top_left&#8221; background_repeat=&#8221;repeat&#8221; width=&#8221;100%&#8221;][et_pb_column type=&#8221;4_4&#8243; _builder_version=&#8221;3.25&#8243; custom_padding=&#8221;|||&#8221; custom_padding__hover=&#8221;|||&#8221;][et_pb_wc_tabs _builder_version=&#8221;4.4.5&#8243; background_color=&#8221;rgba(12,113,195,0.18)&#8221;] [\/et_pb_wc_tabs][et_pb_wc_upsells _builder_version=&#8221;4.4.6&#8243;][\/et_pb_wc_upsells][et_pb_wc_related_products _builder_version=&#8221;4.4.5&#8243; custom_margin_tablet=&#8221;&#8221; custom_margin_phone=&#8221;|12px||12px|false|false&#8221; custom_margin_last_edited=&#8221;on|phone&#8221;][\/et_pb_wc_related_products][\/et_pb_column][\/et_pb_row][\/et_pb_section]<\/p>\n","protected":false},"excerpt":{"rendered":"","protected":false},"featured_media":1492,"comment_status":"closed","ping_status":"closed","template":"","meta":{"_et_pb_use_builder":"on","_et_pb_old_content":"Sa\u011flam ve Dayan\u0131kl\u0131","_et_gb_content_width":""},"product_brand":[],"product_cat":[300,299],"product_tag":[],"class_list":{"0":"post-1496","1":"product","2":"type-product","3":"status-publish","4":"has-post-thumbnail","6":"product_cat-favori","7":"product_cat-sera-naylonu-urunlerimiz","9":"first","10":"instock","11":"shipping-taxable","12":"product-type-simple"},"_links":{"self":[{"href":"https:\/\/uzmansera.com\/market\/wp-json\/wp\/v2\/product\/1496","targetHints":{"allow":["GET"]}}],"collection":[{"href":"https:\/\/uzmansera.com\/market\/wp-json\/wp\/v2\/product"}],"about":[{"href":"https:\/\/uzmansera.com\/market\/wp-json\/wp\/v2\/types\/product"}],"replies":[{"embeddable":true,"href":"https:\/\/uzmansera.com\/market\/wp-json\/wp\/v2\/comments?post=1496"}],"wp:featuredmedia":[{"embeddable":true,"href":"https:\/\/uzmansera.com\/market\/wp-json\/wp\/v2\/media\/1492"}],"wp:attachment":[{"href":"https:\/\/uzmansera.com\/market\/wp-json\/wp\/v2\/media?parent=1496"}],"wp:term":[{"taxonomy":"product_brand","embeddable":true,"href":"https:\/\/uzmansera.com\/market\/wp-json\/wp\/v2\/product_brand?post=1496"},{"taxonomy":"product_cat","embeddable":true,"href":"https:\/\/uzmansera.com\/market\/wp-json\/wp\/v2\/product_cat?post=1496"},{"taxonomy":"product_tag","embeddable":true,"href":"https:\/\/uzmansera.com\/market\/wp-json\/wp\/v2\/product_tag?post=1496"}],"curies":[{"name":"wp","href":"https:\/\/api.w.org\/{rel}","templated":true}]}}